{"id":2,"date":"2025-01-12T21:43:24","date_gmt":"2025-01-12T21:43:24","guid":{"rendered":"https:\/\/new.physio-brieger.de\/?page_id=2"},"modified":"2025-01-13T01:08:28","modified_gmt":"2025-01-13T01:08:28","slug":"sample-page","status":"publish","type":"page","link":"https:\/\/physio-brieger.de\/","title":{"rendered":"Willkommen"},"content":{"rendered":"\n<p><\/p>\n\n\n\n<p class=\"has-text-align-center\">Wilkommen auf den Seiten der Physiotherapie J\u00f6rg Brieger.<\/p>\n\n\n\n<p class=\"has-text-align-center\">Im Folgenden m\u00f6chten wir uns vorstellen und Sie \u00fcber unser Leistungsspektrum informieren.<\/p>\n\n\n\n<p class=\"has-text-align-center\">Seit dem 01.06.2013 auch in der Grunewaldstr. 57, 10825 Berlin f\u00fcr Sie da.<\/p>\n\n\n\n<div style=\"height:35px\" aria-hidden=\"true\" class=\"wp-block-spacer\"><\/div>\n\n\n\n<div class=\"wp-block-columns is-layout-flex wp-container-core-columns-is-layout-28f84493 wp-block-columns-is-layout-flex\">\n<div class=\"wp-block-column is-layout-flow wp-block-column-is-layout-flow\">\n<figure class=\"wp-block-image aligncenter size-large is-resized has-custom-border\"><img loading=\"lazy\" decoding=\"async\" width=\"1024\" height=\"1024\" src=\"https:\/\/physio-brieger.de\/wp-content\/uploads\/2025\/01\/Fotolia_26458631_M-1-1024x1024.jpg\" alt=\"\" class=\"has-border-color wp-image-18\" style=\"border-color:#134383;border-width:1px;border-radius:10px;width:auto;height:350px\" srcset=\"https:\/\/physio-brieger.de\/wp-content\/uploads\/2025\/01\/Fotolia_26458631_M-1-1024x1024.jpg 1024w, https:\/\/physio-brieger.de\/wp-content\/uploads\/2025\/01\/Fotolia_26458631_M-1-300x300.jpg 300w, https:\/\/physio-brieger.de\/wp-content\/uploads\/2025\/01\/Fotolia_26458631_M-1-150x150.jpg 150w, https:\/\/physio-brieger.de\/wp-content\/uploads\/2025\/01\/Fotolia_26458631_M-1-768x768.jpg 768w, https:\/\/physio-brieger.de\/wp-content\/uploads\/2025\/01\/Fotolia_26458631_M-1.jpg 1378w\" sizes=\"auto, (max-width: 1024px) 100vw, 1024px\" \/><\/figure>\n<\/div>\n\n\n\n<div class=\"wp-block-column is-layout-flow wp-block-column-is-layout-flow\">\n<figure class=\"wp-block-image aligncenter size-large has-custom-border\" style=\"margin-top:0;margin-bottom:0\"><img loading=\"lazy\" decoding=\"async\" width=\"1024\" height=\"682\" src=\"https:\/\/physio-brieger.de\/wp-content\/uploads\/2025\/01\/Fotolia_17910823_M-1024x682.jpg\" alt=\"\" class=\"has-border-color wp-image-13\" style=\"border-color:#134383;border-width:1px;border-radius:10px\"\/><\/figure>\n<\/div>\n<\/div>\n","protected":false},"excerpt":{"rendered":"<p>Wilkommen auf den Seiten der Physiotherapie J\u00f6rg Brieger. Im Folgenden m\u00f6chten wir uns vorstellen und Sie \u00fcber unser Leistungsspektrum informieren. Seit dem 01.06.2013 auch in der Grunewaldstr. 57, 10825 Berlin f\u00fcr Sie da.<\/p>\n","protected":false},"author":1,"featured_media":0,"parent":0,"menu_order":0,"comment_status":"closed","ping_status":"open","template":"","meta":{"footnotes":""},"class_list":["post-2","page","type-page","status-publish","hentry"],"_links":{"self":[{"href":"https:\/\/physio-brieger.de\/index.php?rest_route=\/wp\/v2\/pages\/2","targetHints":{"allow":["GET"]}}],"collection":[{"href":"https:\/\/physio-brieger.de\/index.php?rest_route=\/wp\/v2\/pages"}],"about":[{"href":"https:\/\/physio-brieger.de\/index.php?rest_route=\/wp\/v2\/types\/page"}],"author":[{"embeddable":true,"href":"https:\/\/physio-brieger.de\/index.php?rest_route=\/wp\/v2\/users\/1"}],"replies":[{"embeddable":true,"href":"https:\/\/physio-brieger.de\/index.php?rest_route=%2Fwp%2Fv2%2Fcomments&post=2"}],"version-history":[{"count":10,"href":"https:\/\/physio-brieger.de\/index.php?rest_route=\/wp\/v2\/pages\/2\/revisions"}],"predecessor-version":[{"id":94,"href":"https:\/\/physio-brieger.de\/index.php?rest_route=\/wp\/v2\/pages\/2\/revisions\/94"}],"wp:attachment":[{"href":"https:\/\/physio-brieger.de\/index.php?rest_route=%2Fwp%2Fv2%2Fmedia&parent=2"}],"curies":[{"name":"wp","href":"https:\/\/api.w.org\/{rel}","templated":true}]}}