{"id":27,"date":"2025-01-12T23:13:09","date_gmt":"2025-01-12T23:13:09","guid":{"rendered":"https:\/\/new.physio-brieger.de\/?page_id=27"},"modified":"2025-01-13T00:44:26","modified_gmt":"2025-01-13T00:44:26","slug":"ueber-uns","status":"publish","type":"page","link":"https:\/\/physio-brieger.de\/?page_id=27","title":{"rendered":"\u00dcber uns"},"content":{"rendered":"\n<p class=\"has-text-align-center\"><strong>Der Spezialist f\u00fcr chirurgische und onkologische Nachbehandlung<\/strong><\/p>\n\n\n\n<p><em>Die Physiotherapie J\u00f6rg Brieger setzt auf individuelle Heilpl\u00e4ne<\/em><\/p>\n\n\n\n<p>Egal ob nach Verletzung, Operation oder onkologischer Behandlung: die Physiotherapie J\u00f6rg Brieger in der Badstra\u00dfe bietet das gesamte Spektrum moderner und erprobter Physiotherapie. Dazu geh\u00f6ren nicht nur Massage, die Anwendung von Fango und Ultraschall, sondern auch Lymphdrainage und Manuelle Therapie.<br><br>Die Praxis, die seit mehr als 30 Jahren fest im Berliner Stadtteil Wedding verankert ist, setzt auf die Verbindung bew\u00e4hrter Tradition und neuester Methoden. J\u00f6rg Brieger, selbst geb\u00fcrtiger Berliner, \u00fcbernahm die Physiotherapie im Jahr 2006 und f\u00fchrt sie seit dem mit viel Engagement und Ehrgeiz. Konsequente Fortbildung steht f\u00fcr ihn und sein Team an oberster Stelle.<\/p>\n\n\n\n<p>Durch jahrzehntelange enge Zusammenarbeit mit niedergelassenen Unfallchirurgen, sammelte die Praxis einen gro\u00dfen Erfahrungsschatz in der Nachbehandlung von chirurgischen Patienten. In diesem Bereich bietet die Physiotherapie Brieger sowohl post- als auch pr\u00e4operative Behandlung. Dadurch kann sich der Patient bei der Vorbereitung auf eine Kreuzband-OP, direkt im Anschluss bis zur eventuellen Reha-Ma\u00dfnahme bzw. Arbeitsf\u00e4higkeit begleiten lassen.<\/p>\n\n\n\n<p>Zudem besitzt das Team dank intensiver Kooperation mit renommierten Handchirurgen das Fachwissen \u00fcber neueste Rehabilitationsma\u00dfnahmen bei Handverletzungen.<\/p>\n\n\n\n<p>Ein pers\u00f6nlicher Schwerpunkt liegt im Bereich der Sportphysiotherapie. Denn J\u00f6rg Brieger, selbst aktiver Sportler, betreut einen Handballverein.<\/p>\n\n\n\n<p>Neben fachlicher Kompetenz, wie sie beispielsweise bei der onkologischen Nachbehandlung von Patientinnen mit Brustkrebs gefordert ist, zeigen die erfahrenen Therapeuten zudem Einsatz und Herzblut auf menschlicher Ebene.<\/p>\n\n\n\n<p>\u201eDer Patient bringt oft nicht nur seine R\u00fcckenschmerzen, sondern auch den ein oder anderen seelischen Kummer mit in die Praxis.\u201c, sagt Kerstin Buckow, die seit 17 Jahren zum Team geh\u00f6rt.<\/p>\n\n\n\n<p>Mit Verst\u00e4ndnis und Einf\u00fchlungsverm\u00f6gen wird die Behandlung jedes Patienten individuell abgestimmt. Dabei werden seine pers\u00f6nlichen Priorit\u00e4ten und W\u00fcnsche stets ber\u00fccksichtigt. Gemeinsam mit ihm erarbeitet der jeweilige Therapeut Eigen\u00fcbungsprogramme, die begleitend zu Hause durchgef\u00fchrt werden k\u00f6nnen. Denn im Vordergrund steht die schnellstm\u00f6gliche Wiederherstellung der Alltags- bzw. Arbeitstauglichkeit.<\/p>\n\n\n\n<p>Auf Wunsch und bei Patienten, die nicht mobil sind, kommen die Experten auch in das pers\u00f6nliche Umfeld und f\u00fchren Hausbesuche durch &#8211; was der Effektivit\u00e4t der Behandlung nat\u00fcrlich keinen Abbruch tut.<\/p>\n\n\n\n<p>Wer dennoch lieber in die Praxis kommt, kann dies ohne Probleme auch als Rollstuhlfahrer mit \u00f6ffentlichen Verkehrsmitteln tun. Die weitl\u00e4ufigen, hellen Behandlungsr\u00e4ume sind barrierefrei zug\u00e4nglich. Bei der Behandlung vor Ort herrscht eine ruhige Atmosph\u00e4re. Denn durch gute Organisation kommt es zu keinem Zeitdruck. Dank der Arbeit mit Bestellsystem bleiben Wartezeiten f\u00fcr die Patienten aus und Termine k\u00f6nnen zeitnah vergeben werden.<\/p>\n","protected":false},"excerpt":{"rendered":"<p>Der Spezialist f\u00fcr chirurgische und onkologische Nachbehandlung Die Physiotherapie J\u00f6rg Brieger setzt auf individuelle Heilpl\u00e4ne Egal ob nach Verletzung, Operation oder onkologischer Behandlung: die Physiotherapie J\u00f6rg Brieger in der Badstra\u00dfe bietet das gesamte Spektrum moderner und erprobter Physiotherapie. Dazu geh\u00f6ren nicht nur Massage, die Anwendung von Fango und Ultraschall, sondern auch Lymphdrainage und Manuelle Therapie. [&hellip;]<\/p>\n","protected":false},"author":1,"featured_media":0,"parent":0,"menu_order":0,"comment_status":"closed","ping_status":"closed","template":"","meta":{"footnotes":""},"class_list":["post-27","page","type-page","status-publish","hentry"],"_links":{"self":[{"href":"https:\/\/physio-brieger.de\/index.php?rest_route=\/wp\/v2\/pages\/27","targetHints":{"allow":["GET"]}}],"collection":[{"href":"https:\/\/physio-brieger.de\/index.php?rest_route=\/wp\/v2\/pages"}],"about":[{"href":"https:\/\/physio-brieger.de\/index.php?rest_route=\/wp\/v2\/types\/page"}],"author":[{"embeddable":true,"href":"https:\/\/physio-brieger.de\/index.php?rest_route=\/wp\/v2\/users\/1"}],"replies":[{"embeddable":true,"href":"https:\/\/physio-brieger.de\/index.php?rest_route=%2Fwp%2Fv2%2Fcomments&post=27"}],"version-history":[{"count":2,"href":"https:\/\/physio-brieger.de\/index.php?rest_route=\/wp\/v2\/pages\/27\/revisions"}],"predecessor-version":[{"id":74,"href":"https:\/\/physio-brieger.de\/index.php?rest_route=\/wp\/v2\/pages\/27\/revisions\/74"}],"wp:attachment":[{"href":"https:\/\/physio-brieger.de\/index.php?rest_route=%2Fwp%2Fv2%2Fmedia&parent=27"}],"curies":[{"name":"wp","href":"https:\/\/api.w.org\/{rel}","templated":true}]}}