{"id":31,"date":"2025-01-12T23:13:09","date_gmt":"2025-01-12T23:13:09","guid":{"rendered":"https:\/\/new.physio-brieger.de\/?page_id=31"},"modified":"2025-01-13T01:37:27","modified_gmt":"2025-01-13T01:37:27","slug":"kontakt","status":"publish","type":"page","link":"https:\/\/physio-brieger.de\/?page_id=31","title":{"rendered":"Kontakt \/ Impressum"},"content":{"rendered":"\n<p class=\"has-text-align-center\"><strong>Physiotherapie J\u00f6rg Brieger<\/strong><\/p>\n\n\n\n<p class=\"has-text-align-center\"><strong>Filiale 1:<\/strong><br>Badstr. 22<br>13357 Berlin<br>Tel: 030 \/ 4946580<\/p>\n\n\n\n<p class=\"has-text-align-center\"><strong>Filiale 2:<\/strong><br>Grunewaldstr. 57<br>10825 Berlin<br>Tel: 030 \/ 7844666<br>Fax: 030 \/ 7844666<\/p>\n\n\n\n<p class=\"has-text-align-center\">Internet: www.physio-brieger.de<br>E-Mail: <a href=\"mailto:info@physio-brieger.de\">info@physio-brieger.de<\/a><\/p>\n\n\n\n<p class=\"has-text-align-center\">Inhaltlich Verantwortlicher gem\u00e4\u00df \u00a710 Absatz 3 MDStV:<br>J\u00f6rg Brieger<\/p>\n\n\n\n<p class=\"has-text-align-center\">Rechtsform: Einzelunternehmen<br>Vertretungsberechtigter Gesellschafter\/Gesch\u00e4ftsf\u00fchrer: J\u00f6rg Brieger<br>Staatlich gepr\u00fcfter Physiotherapeut (Urkunde Senator f\u00fcr Gesundheit und Soziales Berlin)<br>Berufsrechtliche Regelung: Masseur und Physiotherapeutengesetz MPhG<br>Berufsverband: ZVK Berlin-Brandenburg<\/p>\n\n\n\n<p class=\"has-text-align-center\"><strong>Konzept:<\/strong> Steven K\u00f6nig<\/p>\n\n\n\n<p class=\"has-text-align-center\"><strong>DATENSCHUTZBESTIMMUNGEN \/ HAFTUNGSAUSSCHLUSS<\/strong><\/p>\n\n\n\n<p><strong>1. Datenschutzerkl\u00e4rung<\/strong><br>Der Physiotherapie J\u00f6rg Brieger ist der Datenschutz ein wichtiges Anliegen. Die Erhebung, Verwendung, Verarbeitung, Speicherung und Nutzung personenbezogener Daten erfolgt ausschlie\u00dflich im Rahmen der Bestimmungen des Datenschutzrechts der Bundesrepublik Deutschland.<br>Sofern innerhalb des Internetangebotes M\u00f6glichkeiten zur Eingabe personenbezogener pers\u00f6nlicher oder gesch\u00e4ftlicher Daten (z.B. Emailadressen, Namen, Anschriften) bestehen, so erfolgt die Preisgabe dieser Daten seitens des Nutzers auf ausdr\u00fccklich freiwilliger Basis. Der Nutzer erkl\u00e4rt ausdr\u00fccklich die Einwilligung in die nachfolgend genannte Verwendung der Daten.<br>Die personenbezogenen Daten, die der Nutzer uns beispielsweise bei der Anmeldung oder per E-Mail mitteilt (z. B. Name und Kontaktdaten), werden nur zur Korrespondenz mit dem Nutzer und nur f\u00fcr den Zweck verarbeitet, zu dem uns die Daten zur Verf\u00fcgung gestellt wurden.<br>Wir versichern, dass wir personenbezogene Daten im \u00dcbrigen nicht an Dritte weitergeben, es sei denn, dass wir dazu gesetzlich verpflichtet w\u00e4ren oder der Nutzer vorher ausdr\u00fccklich eingewilligt hat. Soweit wir zur Durchf\u00fchrung und Abwicklung von Verarbeitungsprozessen Dienstleistungen Dritter in Anspruch nehmen, werden die Bestimmungen des Bundesdatenschutzgesetzes eingehalten.<br>Personenbezogene Daten, die uns \u00fcber unsere Website mitgeteilt worden sind, werden nur so lange gespeichert, bis der Zweck erf\u00fcllt ist, zu dem sie uns anvertraut wurden. Soweit handels- und steuerrechtliche Aufbewahrungsfristen zu beachten sind, kann die Dauer der Speicherung bestimmter Daten bis zu 10 Jahre betragen.<br>Auf schriftliche Anfrage informieren wir den Nutzer der Website \u00fcber die zu seiner Person gespeicherten Daten. Der Nutzer kann die Einwilligung in die Nutzung der Daten jederzeit und ohne Angabe von Gr\u00fcnden mit Wirkung f\u00fcr die Zukunft widerrufen. Fragen zur Erhebung, Verarbeitung oder Nutzung Ihrer personenbezogenen Daten, f\u00fcr Ausk\u00fcnfte, Berichtigung, Sperrung oder L\u00f6schung von Daten sind zu richten an:<\/p>\n\n\n\n<p>Physiotherapie J\u00f6rg Brieger<br>Badstr. 22<br>13357 Berlin<br>Tel.: 030 \/ 4946580<br><a href=\"mailto:info@physio-brieger.de\">info@physio-brieger.de<\/a><\/p>\n\n\n\n<p><strong>2. Inhalt des Onlineangebotes<\/strong><br>Die Physiotherapie J\u00f6rg Brieger ist gem\u00e4\u00df \u00a7 7 Abs.1 TMG nur f\u00fcr eigene Inhalte auf diesen Seiten nach den allgemeinen Gesetzen verantwortlich.<br>Nach \u00a7 8 bis 10 TMG ist die Physiotherapie J\u00f6rg Brieger nicht verpflichtet, \u00fcbermittelte oder gespeicherte fremde Inhalte zu \u00fcberwachen oder nach Umst\u00e4nden zu forschen, die auf eine rechtswidrige T\u00e4tigkeit hinweisen. Verpflichtungen zur Entfernung oder Sperrung der Nutzung von Informationen\/Inhalten nach den allgemeinen Gesetzen bleiben hiervon unber\u00fchrt. Eine diesbez\u00fcgliche Haftung ist jedoch erst ab dem Zeitpunkt der Kenntnis einer konkreten Rechtsverletzung m\u00f6glich. Bei Bekanntwerden von entsprechenden Rechtsverletzungen werden wir diese Inhalte umgehend entfernen.<br>Die Physiotherapie J\u00f6rg Brieger \u00fcbernimmt keinerlei Gew\u00e4hr f\u00fcr die Aktualit\u00e4t, Korrektheit, Vollst\u00e4ndigkeit oder Qualit\u00e4t der bereitgestellten Informationen. Haftungsanspr\u00fcche gegen die Physiotherapie J\u00f6rg Brieger, welche sich auf Sch\u00e4den materieller oder ideeller Art beziehen, die durch die Nutzung oder Nichtnutzung der dargebotenen Informationen bzw. durch die Nutzung fehlerhafter und unvollst\u00e4ndiger Informationen verursacht wurden, sind grunds\u00e4tzlich ausgeschlossen, sofern seitens Physiotherapie J\u00f6rg Brieger kein nachweislich vors\u00e4tzliches oder grob fahrl\u00e4ssiges Verschulden vorliegt.<br>Die Physiotherapie J\u00f6rg Brieger beh\u00e4lt es sich ausdr\u00fccklich vor, Teile der Seiten oder das gesamte Angebot ohne gesonderte Ank\u00fcndigung zu ver\u00e4ndern, zu erg\u00e4nzen, zu l\u00f6schen oder die Ver\u00f6ffentlichung zeitweise oder endg\u00fcltig einzustellen.<\/p>\n\n\n\n<p><strong>3. Verweise und Links<\/strong><br>Bei direkten oder indirekten Verweisen auf fremde Webseiten (&#8222;Hyperlinks&#8220;), die au\u00dferhalb des Verantwortungsbereiches von der Physiotherapie J\u00f6rg Brieger liegen, w\u00fcrde eine Haftungsverpflichtung ausschlie\u00dflich in dem Fall vorliegen, in dem die Physiotherapie J\u00f6rg Brieger von den Inhalten Kenntnis hat und es ihm technisch m\u00f6glich und zumutbar w\u00e4re, die Nutzung im Falle rechtswidriger Inhalte zu verhindern.<br>Die Physiotherapie J\u00f6rg Brieger erkl\u00e4rt hiermit ausdr\u00fccklich, dass zum Zeitpunkt der Linksetzung keine illegalen Inhalte auf den zu verlinkenden Seiten erkennbar waren. Auf die aktuelle und zuk\u00fcnftige Gestaltung, die Inhalte oder die Urheberschaft der verlinkten\/verkn\u00fcpften Seiten hat der Autor keinerlei Einfluss. Deshalb distanziert er sich hiermit ausdr\u00fccklich von allen Inhalten aller verlinkten \/verkn\u00fcpften Seiten, die nach der Linksetzung ver\u00e4ndert wurden. Diese Feststellung gilt f\u00fcr alle innerhalb des eigenen Internetangebotes gesetzten Links und Verweise sowie f\u00fcr Fremdeintr\u00e4ge in vom Autor eingerichteten G\u00e4steb\u00fcchern, Diskussionsforen, Linkverzeichnissen, Mailinglisten und in allen anderen Formen von Datenbanken, auf deren Inhalt externe Schreibzugriffe m\u00f6glich sind. F\u00fcr illegale, fehlerhafte oder unvollst\u00e4ndige Inhalte und insbesondere f\u00fcr Sch\u00e4den, die aus der Nutzung oder Nichtnutzung solcherart dargebotener Informationen entstehen, haftet allein der Anbieter der Seite, auf welche verwiesen wurde, nicht derjenige, der \u00fcber Links auf die jeweilige Ver\u00f6ffentlichung lediglich verweist.<\/p>\n\n\n\n<p><strong>4. Verwendung von Cookies<\/strong><br>Auf unserer Webseite werden kleine Textdateien, welche auf dem Rechner abgelegt werden (sog. Cookies) verwendet, um den Besuch unserer Webseite f\u00fcr Sie benutzerfreundlicher zu machen und bestimmte Funktionen zu erm\u00f6glichen.<br>In den Einstellungen Ihres Browsers kann die Speicherung von Cookies verhindert werden.<\/p>\n\n\n\n<p><strong>5. Rechtwirksamkeit dieses Haftungsausschlusses<\/strong><br>Diese (r) Datenschutzbestimmungen\/Haftungsausschlu\u00df ist als Teil des Internetangebotes zu betrachten, von dem aus auf diese Seite verwiesen wurde. Sofern Teile oder einzelne Formulierungen dieses Textes der geltenden Rechtslage nicht, nicht mehr oder nicht vollst\u00e4ndig entsprechen sollten, bleiben die \u00fcbrigen Teile des Dokumentes in ihrem Inhalt und ihrer G\u00fcltigkeit davon unber\u00fchrt.<\/p>\n","protected":false},"excerpt":{"rendered":"<p>Physiotherapie J\u00f6rg Brieger Filiale 1:Badstr. 2213357 BerlinTel: 030 \/ 4946580 Filiale 2:Grunewaldstr. 5710825 BerlinTel: 030 \/ 7844666Fax: 030 \/ 7844666 Internet: www.physio-brieger.deE-Mail: info@physio-brieger.de Inhaltlich Verantwortlicher gem\u00e4\u00df \u00a710 Absatz 3 MDStV:J\u00f6rg Brieger Rechtsform: EinzelunternehmenVertretungsberechtigter Gesellschafter\/Gesch\u00e4ftsf\u00fchrer: J\u00f6rg BriegerStaatlich gepr\u00fcfter Physiotherapeut (Urkunde Senator f\u00fcr Gesundheit und Soziales Berlin)Berufsrechtliche Regelung: Masseur und Physiotherapeutengesetz MPhGBerufsverband: ZVK Berlin-Brandenburg Konzept: Steven K\u00f6nig [&hellip;]<\/p>\n","protected":false},"author":1,"featured_media":0,"parent":0,"menu_order":0,"comment_status":"closed","ping_status":"closed","template":"","meta":{"footnotes":""},"class_list":["post-31","page","type-page","status-publish","hentry"],"_links":{"self":[{"href":"https:\/\/physio-brieger.de\/index.php?rest_route=\/wp\/v2\/pages\/31","targetHints":{"allow":["GET"]}}],"collection":[{"href":"https:\/\/physio-brieger.de\/index.php?rest_route=\/wp\/v2\/pages"}],"about":[{"href":"https:\/\/physio-brieger.de\/index.php?rest_route=\/wp\/v2\/types\/page"}],"author":[{"embeddable":true,"href":"https:\/\/physio-brieger.de\/index.php?rest_route=\/wp\/v2\/users\/1"}],"replies":[{"embeddable":true,"href":"https:\/\/physio-brieger.de\/index.php?rest_route=%2Fwp%2Fv2%2Fcomments&post=31"}],"version-history":[{"count":6,"href":"https:\/\/physio-brieger.de\/index.php?rest_route=\/wp\/v2\/pages\/31\/revisions"}],"predecessor-version":[{"id":104,"href":"https:\/\/physio-brieger.de\/index.php?rest_route=\/wp\/v2\/pages\/31\/revisions\/104"}],"wp:attachment":[{"href":"https:\/\/physio-brieger.de\/index.php?rest_route=%2Fwp%2Fv2%2Fmedia&parent=31"}],"curies":[{"name":"wp","href":"https:\/\/api.w.org\/{rel}","templated":true}]}}